{"id":75,"date":"2021-10-04T13:20:13","date_gmt":"2021-10-04T13:20:13","guid":{"rendered":"https:\/\/import.bellevuetheme.com\/hotel\/?page_id=318"},"modified":"2025-08-15T20:05:41","modified_gmt":"2025-08-15T20:05:41","slug":"about-us","status":"publish","type":"page","link":"https:\/\/apartriva.com\/de\/pages\/about-us\/","title":{"rendered":"About Us"},"content":{"rendered":"<div data-elementor-type=\"wp-page\" data-elementor-id=\"75\" class=\"elementor elementor-75\">\n\t\t\t\t\t\t<section class=\"elementor-section elementor-top-section elementor-element elementor-element-4e69f4a4 elementor-section-boxed elementor-section-height-default elementor-section-height-default\" data-id=\"4e69f4a4\" data-element_type=\"section\" data-settings=\"{&quot;background_background&quot;:&quot;classic&quot;}\">\n\t\t\t\t\t\t<div class=\"elementor-container elementor-column-gap-default\">\n\t\t\t\t\t<div class=\"elementor-column elementor-col-100 elementor-top-column elementor-element elementor-element-3c7c9e29\" data-id=\"3c7c9e29\" data-element_type=\"column\">\n\t\t\t<div class=\"elementor-widget-wrap elementor-element-populated\">\n\t\t\t\t\t\t<div class=\"elementor-element elementor-element-2e4096e elementor-widget__width-auto elementor-widget-divider--view-line elementor-widget elementor-widget-divider\" data-id=\"2e4096e\" data-element_type=\"widget\" data-widget_type=\"divider.default\">\n\t\t\t\t<div class=\"elementor-widget-container\">\n\t\t\t\t\t\t\t<div class=\"elementor-divider\">\n\t\t\t<span class=\"elementor-divider-separator\">\n\t\t\t\t\t\t<\/span>\n\t\t<\/div>\n\t\t\t\t\t\t<\/div>\n\t\t\t\t<\/div>\n\t\t\t\t<div class=\"elementor-element elementor-element-d124f72 elementor-widget__width-auto elementor-widget elementor-widget-heading\" data-id=\"d124f72\" data-element_type=\"widget\" data-widget_type=\"heading.default\">\n\t\t\t\t<div class=\"elementor-widget-container\">\n\t\t\t\t\t<h1 class=\"elementor-heading-title elementor-size-default\">Zahlungsinformationen<\/h1>\t\t\t\t<\/div>\n\t\t\t\t<\/div>\n\t\t\t\t\t<\/div>\n\t\t<\/div>\n\t\t\t\t\t<\/div>\n\t\t<\/section>\n\t\t\t\t<section class=\"elementor-section elementor-top-section elementor-element elementor-element-05f00f8 elementor-section-boxed elementor-section-height-default elementor-section-height-default\" data-id=\"05f00f8\" data-element_type=\"section\">\n\t\t\t\t\t\t<div class=\"elementor-container elementor-column-gap-default\">\n\t\t\t\t\t<div class=\"elementor-column elementor-col-50 elementor-top-column elementor-element elementor-element-e530125\" data-id=\"e530125\" data-element_type=\"column\">\n\t\t\t<div class=\"elementor-widget-wrap elementor-element-populated\">\n\t\t\t\t\t\t<div class=\"elementor-element elementor-element-0c89651 elementor-widget__width-initial elementor-widget elementor-widget-text-editor\" data-id=\"0c89651\" data-element_type=\"widget\" data-widget_type=\"text-editor.default\">\n\t\t\t\t<div class=\"elementor-widget-container\">\n\t\t\t\t\t\t\t\t\t<p><span style=\"text-decoration: underline;\">BANK ACCOUNT:&nbsp;<\/span><\/p><p>CASSA RURALE ALTOGARDA &amp; ROVERETO<br><span style=\"text-decoration: underline;\">BIC:<\/span> CCRTIT2T04A<br><span style=\"text-decoration: underline;\">IBAN:<\/span> IT47N0801634310000000445470<br><span style=\"text-decoration: underline;\">BENEFICIARY:<\/span> Aleksandrov Arsenii<\/p>\t\t\t\t\t\t\t\t<\/div>\n\t\t\t\t<\/div>\n\t\t\t\t\t<\/div>\n\t\t<\/div>\n\t\t\t\t<div class=\"elementor-column elementor-col-50 elementor-top-column elementor-element elementor-element-905fa0c\" data-id=\"905fa0c\" data-element_type=\"column\">\n\t\t\t<div class=\"elementor-widget-wrap elementor-element-populated\">\n\t\t\t\t\t\t<div class=\"elementor-element elementor-element-210f374 elementor-widget__width-initial elementor-widget elementor-widget-text-editor\" data-id=\"210f374\" data-element_type=\"widget\" data-widget_type=\"text-editor.default\">\n\t\t\t\t<div class=\"elementor-widget-container\">\n\t\t\t\t\t\t\t\t\t<ul><li style=\"font-weight: 400;\" aria-level=\"1\"><span style=\"font-weight: 400;\">Nach Pr\u00fcfung Ihrer Anfrage erhalten Sie von uns die offizielle Buchungsbest\u00e4tigung zusammen mit der Rechnung per E-Mail. Der Rechnungsbetrag ist innerhalb von 3 Tagen f\u00e4llig.\n\nF\u00fcr die Bezahlung stehen Ihnen folgende Optionen zur Verf\u00fcgung:\n\nSicherer Zahlungslink: Bezahlen Sie bequem und sicher online \u00fcber den Link in der E-Mail.\n\nBank\u00fcberweisung: \u00dcberweisen Sie den Betrag direkt auf das in der Rechnung angegebene Bankkonto.<\/span><\/li><li style=\"font-weight: 400;\" aria-level=\"1\"><span style=\"font-weight: 400;\">Wir bitten Sie freundlich, den Betrag innerhalb von 3 Tagen zu begleichen.<\/span><\/li><li style=\"font-weight: 400;\" aria-level=\"1\"><span style=\"font-weight: 400;\">Sobald Ihre Zahlung bei uns eingegangen ist, ist Ihre Buchung endg\u00fcltig gesichert. Sie erhalten von uns umgehend eine separate Zahlungsbest\u00e4tigung.<\/span><\/li><li style=\"font-weight: 400;\" aria-level=\"1\"><span style=\"font-weight: 400;\">Bitte beachten Sie, dass die Reservierung automatisch storniert wird, falls die Zahlung nicht innerhalb der 3-Tages-Frist eingeht. Sie erhalten in diesem Fall ebenfalls eine Benachrichtigung<\/span><\/li><\/ul>\t\t\t\t\t\t\t\t<\/div>\n\t\t\t\t<\/div>\n\t\t\t\t\t<\/div>\n\t\t<\/div>\n\t\t\t\t\t<\/div>\n\t\t<\/section>\n\t\t\t\t<section class=\"elementor-section elementor-top-section elementor-element elementor-element-8bcd405 elementor-section-height-min-height elementor-section-boxed elementor-section-height-default elementor-section-items-middle\" data-id=\"8bcd405\" data-element_type=\"section\" data-settings=\"{&quot;background_background&quot;:&quot;classic&quot;}\">\n\t\t\t\t\t\t<div class=\"elementor-container elementor-column-gap-default\">\n\t\t\t\t\t<div class=\"elementor-column elementor-col-50 elementor-top-column elementor-element elementor-element-d4141a3\" data-id=\"d4141a3\" data-element_type=\"column\">\n\t\t\t<div class=\"elementor-widget-wrap elementor-element-populated\">\n\t\t\t\t\t\t<div class=\"elementor-element elementor-element-fdbba42 elementor-widget__width-initial elementor-widget elementor-widget-heading\" data-id=\"fdbba42\" data-element_type=\"widget\" data-widget_type=\"heading.default\">\n\t\t\t\t<div class=\"elementor-widget-container\">\n\t\t\t\t\t<h2 class=\"elementor-heading-title elementor-size-default\"><a href=\"https:\/\/apartriva.com\/de\/pages\/contact-us\/\">Haben Sie noch Fragen? Wir helfen Ihnen gerne weiter!<\/a><\/h2>\t\t\t\t<\/div>\n\t\t\t\t<\/div>\n\t\t\t\t\t<\/div>\n\t\t<\/div>\n\t\t\t\t<div class=\"elementor-column elementor-col-50 elementor-top-column elementor-element elementor-element-4b30083\" data-id=\"4b30083\" data-element_type=\"column\">\n\t\t\t<div class=\"elementor-widget-wrap\">\n\t\t\t\t\t\t\t<\/div>\n\t\t<\/div>\n\t\t\t\t\t<\/div>\n\t\t<\/section>\n\t\t\t\t<\/div>","protected":false},"excerpt":{"rendered":"<p>Payment information BANK ACCOUNT:&nbsp; CASSA RURALE ALTOGARDA &amp; ROVERETOBIC: CCRTIT2T04AIBAN: IT47N0801634310000000445470BENEFICIARY: Aleksandrov Arsenii After reviewing the booking, the guest will receive a booking confirmation along with an invoice for payment. We accept payment via bank transfer using the provided details. &hellip; <a href=\"https:\/\/apartriva.com\/de\/pages\/about-us\/\">Read More<\/a><\/p>","protected":false},"author":1,"featured_media":0,"parent":63,"menu_order":4,"comment_status":"closed","ping_status":"closed","template":"","meta":{"footnotes":""},"class_list":["post-75","page","type-page","status-publish","hentry"],"_links":{"self":[{"href":"https:\/\/apartriva.com\/de\/wp-json\/wp\/v2\/pages\/75","targetHints":{"allow":["GET"]}}],"collection":[{"href":"https:\/\/apartriva.com\/de\/wp-json\/wp\/v2\/pages"}],"about":[{"href":"https:\/\/apartriva.com\/de\/wp-json\/wp\/v2\/types\/page"}],"author":[{"embeddable":true,"href":"https:\/\/apartriva.com\/de\/wp-json\/wp\/v2\/users\/1"}],"replies":[{"embeddable":true,"href":"https:\/\/apartriva.com\/de\/wp-json\/wp\/v2\/comments?post=75"}],"version-history":[{"count":27,"href":"https:\/\/apartriva.com\/de\/wp-json\/wp\/v2\/pages\/75\/revisions"}],"predecessor-version":[{"id":1272,"href":"https:\/\/apartriva.com\/de\/wp-json\/wp\/v2\/pages\/75\/revisions\/1272"}],"up":[{"embeddable":true,"href":"https:\/\/apartriva.com\/de\/wp-json\/wp\/v2\/pages\/63"}],"wp:attachment":[{"href":"https:\/\/apartriva.com\/de\/wp-json\/wp\/v2\/media?parent=75"}],"curies":[{"name":"wp","href":"https:\/\/api.w.org\/{rel}","templated":true}]}}