{"id":60,"date":"2021-10-18T17:01:15","date_gmt":"2021-10-18T17:01:15","guid":{"rendered":"https:\/\/import.bellevuetheme.com\/hotel\/?page_id=1933"},"modified":"2025-09-06T07:33:40","modified_gmt":"2025-09-06T07:33:40","slug":"terms-conditions","status":"publish","type":"page","link":"https:\/\/apartriva.com\/de\/booking-confirmation-2\/terms-conditions\/","title":{"rendered":"AGB"},"content":{"rendered":"<div data-elementor-type=\"wp-page\" data-elementor-id=\"60\" class=\"elementor elementor-60\">\n\t\t\t\t\t\t<section class=\"elementor-section elementor-top-section elementor-element elementor-element-9941076 elementor-section-height-min-height elementor-section-boxed elementor-section-height-default elementor-section-items-middle\" data-id=\"9941076\" data-element_type=\"section\">\n\t\t\t\t\t\t<div class=\"elementor-container elementor-column-gap-default\">\n\t\t\t\t\t<div class=\"elementor-column elementor-col-100 elementor-top-column elementor-element elementor-element-556d6ec\" data-id=\"556d6ec\" data-element_type=\"column\">\n\t\t\t<div class=\"elementor-widget-wrap elementor-element-populated\">\n\t\t\t\t\t\t<div class=\"elementor-element elementor-element-ad4cd90 elementor-widget elementor-widget-heading\" data-id=\"ad4cd90\" data-element_type=\"widget\" data-widget_type=\"heading.default\">\n\t\t\t\t<div class=\"elementor-widget-container\">\n\t\t\t\t\t<h2 class=\"elementor-heading-title elementor-size-default\">AGB &amp; Buchungsbedingungen<\/h2>\t\t\t\t<\/div>\n\t\t\t\t<\/div>\n\t\t\t\t\t<\/div>\n\t\t<\/div>\n\t\t\t\t\t<\/div>\n\t\t<\/section>\n\t\t\t\t<section class=\"elementor-section elementor-top-section elementor-element elementor-element-07a6f89 elementor-section-boxed elementor-section-height-default elementor-section-height-default\" data-id=\"07a6f89\" data-element_type=\"section\">\n\t\t\t\t\t\t<div class=\"elementor-container elementor-column-gap-default\">\n\t\t\t\t\t<div class=\"elementor-column elementor-col-100 elementor-top-column elementor-element elementor-element-729e274\" data-id=\"729e274\" data-element_type=\"column\">\n\t\t\t<div class=\"elementor-widget-wrap elementor-element-populated\">\n\t\t\t\t\t\t<div class=\"elementor-element elementor-element-9343cca elementor-widget elementor-widget-toggle\" data-id=\"9343cca\" data-element_type=\"widget\" data-widget_type=\"toggle.default\">\n\t\t\t\t<div class=\"elementor-widget-container\">\n\t\t\t\t\t\t\t<div class=\"elementor-toggle\">\n\t\t\t\t\t\t\t<div class=\"elementor-toggle-item\">\n\t\t\t\t\t<div id=\"elementor-tab-title-1541\" class=\"elementor-tab-title\" data-tab=\"1\" role=\"button\" aria-controls=\"elementor-tab-content-1541\" aria-expanded=\"false\">\n\t\t\t\t\t\t\t\t\t\t\t\t<span class=\"elementor-toggle-icon elementor-toggle-icon-left\" aria-hidden=\"true\">\n\t\t\t\t\t\t\t\t\t\t\t\t\t\t\t<span class=\"elementor-toggle-icon-closed\"><i class=\"fas fa-caret-right\"><\/i><\/span>\n\t\t\t\t\t\t\t\t<span class=\"elementor-toggle-icon-opened\"><i class=\"elementor-toggle-icon-opened fas fa-caret-up\"><\/i><\/span>\n\t\t\t\t\t\t\t\t\t\t\t\t\t<\/span>\n\t\t\t\t\t\t\t\t\t\t\t\t<a class=\"elementor-toggle-title\" tabindex=\"0\">Stornierungs- und Vorauszahlungsbedingungen<\/a>\n\t\t\t\t\t<\/div>\n\n\t\t\t\t\t<div id=\"elementor-tab-content-1541\" class=\"elementor-tab-content elementor-clearfix\" data-tab=\"1\" role=\"region\" aria-labelledby=\"elementor-tab-title-1541\"><ul><li><p><span style=\"font-weight: 400;\">Bis 30 Tage vor Anreise k\u00f6nnen Sie Ihre Buchung kostenfrei stornieren.\u00a0<\/span><\/p><p><span style=\"font-weight: 400;\">Bei einer Stornierung zwischen 29 und 15 Tagen vor Anreise erstatten wir 50 % des Buchungsbetrags zur\u00fcck.<\/span><\/p><p><span style=\"font-weight: 400;\">Ab 14 Tagen vor Anreise oder bei Nichtanreise (No-Show) wird der gesamte Buchungsbetrag f\u00e4llig und es erfolgt keine R\u00fcckerstattung. Stornierungsanfragen m\u00fcssen schriftlich per E-Mail an olgadesign.it@gmail.com erfolgen.<\/span><\/p><\/li><li style=\"font-weight: 400;\" aria-level=\"1\"><span style=\"font-weight: 400;\">Sobald Ihre Buchung best\u00e4tigt ist, wird die Vorauszahlung des gesamten Buchungsbetrags f\u00e4llig.\n\nF\u00fcr die Bezahlung bieten wir Ihnen zwei einfache M\u00f6glichkeiten an:\n\n1. Zahlung per Link: Zusammen mit der Buchungsbest\u00e4tigung erhalten Sie von uns einen sicheren Zahlungslink, \u00fcber den Sie die Zahlung bequem online vornehmen k\u00f6nnen.\n\n2. Alternative per Bank\u00fcberweisung: Sie k\u00f6nnen den Betrag auch per klassischer Bank\u00fcberweisung bezahlen. Unsere Bankverbindung finden Sie ebenfalls in der Best\u00e4tigungs-E-Mail.<\/span><\/li><li style=\"font-weight: 400;\" aria-level=\"1\"><span style=\"font-weight: 400;\">Im Falle einer Stornierung innerhalb der kostenfreien Frist wird der bereits gezahlte Betrag innerhalb von 10 Werktagen vollst\u00e4ndig zur\u00fcckerstattet.<\/span><\/li><\/ul><\/div>\n\t\t\t\t<\/div>\n\t\t\t\t\t\t\t<div class=\"elementor-toggle-item\">\n\t\t\t\t\t<div id=\"elementor-tab-title-1542\" class=\"elementor-tab-title\" data-tab=\"2\" role=\"button\" aria-controls=\"elementor-tab-content-1542\" aria-expanded=\"false\">\n\t\t\t\t\t\t\t\t\t\t\t\t<span class=\"elementor-toggle-icon elementor-toggle-icon-left\" aria-hidden=\"true\">\n\t\t\t\t\t\t\t\t\t\t\t\t\t\t\t<span class=\"elementor-toggle-icon-closed\"><i class=\"fas fa-caret-right\"><\/i><\/span>\n\t\t\t\t\t\t\t\t<span class=\"elementor-toggle-icon-opened\"><i class=\"elementor-toggle-icon-opened fas fa-caret-up\"><\/i><\/span>\n\t\t\t\t\t\t\t\t\t\t\t\t\t<\/span>\n\t\t\t\t\t\t\t\t\t\t\t\t<a class=\"elementor-toggle-title\" tabindex=\"0\">Ihr Buchungsablauf \u2013 In 3 einfachen Schritten zu Ihrem Urlaub<\/a>\n\t\t\t\t\t<\/div>\n\n\t\t\t\t\t<div id=\"elementor-tab-content-1542\" class=\"elementor-tab-content elementor-clearfix\" data-tab=\"2\" role=\"region\" aria-labelledby=\"elementor-tab-title-1542\"><ul><li style=\"font-weight: 400;\" aria-level=\"1\"><span style=\"font-weight: 400;\">W\u00e4hlen Sie Ihre gew\u00fcnschte Ferienwohnung, den Reisezeitraum sowie die Anzahl der Personen aus und f\u00fcllen Sie das Anfrageformular mit Ihren Kontaktdaten aus. Anschlie\u00dfend senden Sie Ihre unverbindliche Anfrage ab.<\/span><\/li><li style=\"font-weight: 400;\" aria-level=\"1\"><div>Nach sorgf\u00e4ltiger Pr\u00fcfung Ihrer Anfrage erhalten Sie von uns eine offizielle Buchungsbest\u00e4tigung und eine Rechnung per E-Mail. Die Bezahlung erfolgt bequem per Bank\u00fcberweisung. Wir bitten Sie, den Rechnungsbetrag innerhalb von 3 Tagen zu begleichen.<\/div><\/li><li style=\"font-weight: 400;\" aria-level=\"1\"><span style=\"font-weight: 400;\">Sobald Ihre Zahlung bei uns eingegangen ist, ist Ihre Buchung endg\u00fcltig fixiert. Sie erhalten von uns eine abschlie\u00dfende Zahlungsbest\u00e4tigung. Ihr unvergesslicher Urlaub am Gardasee kann beginnen!<\/span><\/li><\/ul><\/div>\n\t\t\t\t<\/div>\n\t\t\t\t\t\t\t<div class=\"elementor-toggle-item\">\n\t\t\t\t\t<div id=\"elementor-tab-title-1543\" class=\"elementor-tab-title\" data-tab=\"3\" role=\"button\" aria-controls=\"elementor-tab-content-1543\" aria-expanded=\"false\">\n\t\t\t\t\t\t\t\t\t\t\t\t<span class=\"elementor-toggle-icon elementor-toggle-icon-left\" aria-hidden=\"true\">\n\t\t\t\t\t\t\t\t\t\t\t\t\t\t\t<span class=\"elementor-toggle-icon-closed\"><i class=\"fas fa-caret-right\"><\/i><\/span>\n\t\t\t\t\t\t\t\t<span class=\"elementor-toggle-icon-opened\"><i class=\"elementor-toggle-icon-opened fas fa-caret-up\"><\/i><\/span>\n\t\t\t\t\t\t\t\t\t\t\t\t\t<\/span>\n\t\t\t\t\t\t\t\t\t\t\t\t<a class=\"elementor-toggle-title\" tabindex=\"0\">An- und Abreisezeiten<\/a>\n\t\t\t\t\t<\/div>\n\n\t\t\t\t\t<div id=\"elementor-tab-content-1543\" class=\"elementor-tab-content elementor-clearfix\" data-tab=\"3\" role=\"region\" aria-labelledby=\"elementor-tab-title-1543\"><ul><li class=\"translation-block\"><b>Anreise<\/b><span style=\"font-weight: 400\">: 16:00 - 23:00 Uhr.*<\/span><\/li><li class=\"translation-block\"><b>Abreise<\/b><span style=\"font-weight: 400\">: bis 10:00 Uhr.<\/span><\/li><\/ul><p><span style=\"font-weight: 400;\">*Bei einer sp\u00e4teren Ankunft bitten wir Sie, uns Ihre ungef\u00e4hre Ankunftszeit einige Tage im Voraus mitzuteilen.<\/span><\/p><\/div>\n\t\t\t\t<\/div>\n\t\t\t\t\t\t\t<div class=\"elementor-toggle-item\">\n\t\t\t\t\t<div id=\"elementor-tab-title-1544\" class=\"elementor-tab-title\" data-tab=\"4\" role=\"button\" aria-controls=\"elementor-tab-content-1544\" aria-expanded=\"false\">\n\t\t\t\t\t\t\t\t\t\t\t\t<span class=\"elementor-toggle-icon elementor-toggle-icon-left\" aria-hidden=\"true\">\n\t\t\t\t\t\t\t\t\t\t\t\t\t\t\t<span class=\"elementor-toggle-icon-closed\"><i class=\"fas fa-caret-right\"><\/i><\/span>\n\t\t\t\t\t\t\t\t<span class=\"elementor-toggle-icon-opened\"><i class=\"elementor-toggle-icon-opened fas fa-caret-up\"><\/i><\/span>\n\t\t\t\t\t\t\t\t\t\t\t\t\t<\/span>\n\t\t\t\t\t\t\t\t\t\t\t\t<a class=\"elementor-toggle-title\" tabindex=\"0\">Ihr einfacher und kontaktloser Check-in<\/a>\n\t\t\t\t\t<\/div>\n\n\t\t\t\t\t<div id=\"elementor-tab-content-1544\" class=\"elementor-tab-content elementor-clearfix\" data-tab=\"4\" role=\"region\" aria-labelledby=\"elementor-tab-title-1544\"><ul><li style=\"font-weight: 400;\" aria-level=\"1\"><span style=\"font-weight: 400;\">F\u00fcr eine flexible und unkomplizierte Anreise sind unsere T\u00fcren mit modernen Zahlenschl\u00f6ssern ausgestattet. Sie ben\u00f6tigen keine Schl\u00fcssel. Vor Ihrer Ankunft erhalten Sie von uns einen pers\u00f6nlichen Zugangscode, mit dem Sie die Ferienwohnung jederzeit selbstst\u00e4ndig betreten k\u00f6nnen.<\/span><\/li><li style=\"font-weight: 400;\" aria-level=\"1\"><span style=\"font-weight: 400;\">Um diese Formalit\u00e4t f\u00fcr Sie so einfach wie m\u00f6glich zu gestalten und Ihnen rechtzeitig Ihren Zugangscode zusenden zu k\u00f6nnen, bitten wir Sie, uns einige Tage vor Ihrer Anreise ein Foto der Ausweise (Personalausweis oder Reisepass) aller G\u00e4ste zuzusenden.<\/span><\/li><li style=\"font-weight: 400;\" aria-level=\"1\"><span style=\"font-weight: 400;\">Nach italienischem Gesetz sind wir als Gastgeber verpflichtet, die Ausweisdaten aller anreisenden G\u00e4ste bei den \u00f6rtlichen Beh\u00f6rden online zu registrieren. Dies ist eine zwingende rechtliche Vorschrift f\u00fcr alle Beherbergungsbetriebe. Wir danken Ihnen f\u00fcr Ihr Verst\u00e4ndnis f\u00fcr diese notwendige Prozedur.<\/span><\/li><\/ul><\/div>\n\t\t\t\t<\/div>\n\t\t\t\t\t\t\t<div class=\"elementor-toggle-item\">\n\t\t\t\t\t<div id=\"elementor-tab-title-1545\" class=\"elementor-tab-title\" data-tab=\"5\" role=\"button\" aria-controls=\"elementor-tab-content-1545\" aria-expanded=\"false\">\n\t\t\t\t\t\t\t\t\t\t\t\t<span class=\"elementor-toggle-icon elementor-toggle-icon-left\" aria-hidden=\"true\">\n\t\t\t\t\t\t\t\t\t\t\t\t\t\t\t<span class=\"elementor-toggle-icon-closed\"><i class=\"fas fa-caret-right\"><\/i><\/span>\n\t\t\t\t\t\t\t\t<span class=\"elementor-toggle-icon-opened\"><i class=\"elementor-toggle-icon-opened fas fa-caret-up\"><\/i><\/span>\n\t\t\t\t\t\t\t\t\t\t\t\t\t<\/span>\n\t\t\t\t\t\t\t\t\t\t\t\t<a class=\"elementor-toggle-title\" tabindex=\"0\">Wichtige Hausregeln<\/a>\n\t\t\t\t\t<\/div>\n\n\t\t\t\t\t<div id=\"elementor-tab-content-1545\" class=\"elementor-tab-content elementor-clearfix\" data-tab=\"5\" role=\"region\" aria-labelledby=\"elementor-tab-title-1545\"><ul><li style=\"font-weight: 400;\" aria-level=\"1\"><span style=\"font-weight: 400;\">Rauchen: Unsere Ferienwohnungen sind Nichtraucher-Wohnungen. Im Innenbereich ist das Rauchen strengstens untersagt, auf dem Balkon ist es jedoch gestattet.<\/span><\/li><li style=\"font-weight: 400;\" aria-level=\"1\"><span style=\"font-weight: 400;\">Haustiere: Das Mitbringen von Haustieren ist nicht gestattet.<\/span><\/li><li style=\"font-weight: 400;\" aria-level=\"1\"><span style=\"font-weight: 400;\">Partys &amp; Veranstaltungen: Partys und laute Zusammenk\u00fcnfte sind in der Wohnung nicht erlaubt.<\/span><\/li><li style=\"font-weight: 400;\" aria-level=\"1\">Nachtruhe: Wir bitten Sie, die allgemeine Nachtruhe von 22:00 Uhr bis 08:00 Uhr einzuhalten.<span style=\"font-weight: 400;\"> (no loud noise): 10:00 p.m. to 8:00 a.m.<\/span><\/li><li style=\"font-weight: 400;\" aria-level=\"1\"><span style=\"font-weight: 400;\">Kinder: Kinder jeden Alters sind bei uns herzlich willkommen. Bitte beachten Sie jedoch, dass wir keine Babybetten zur Verf\u00fcgung stellen.<\/span><\/li><\/ul><\/div>\n\t\t\t\t<\/div>\n\t\t\t\t\t\t\t<div class=\"elementor-toggle-item\">\n\t\t\t\t\t<div id=\"elementor-tab-title-1546\" class=\"elementor-tab-title\" data-tab=\"6\" role=\"button\" aria-controls=\"elementor-tab-content-1546\" aria-expanded=\"false\">\n\t\t\t\t\t\t\t\t\t\t\t\t<span class=\"elementor-toggle-icon elementor-toggle-icon-left\" aria-hidden=\"true\">\n\t\t\t\t\t\t\t\t\t\t\t\t\t\t\t<span class=\"elementor-toggle-icon-closed\"><i class=\"fas fa-caret-right\"><\/i><\/span>\n\t\t\t\t\t\t\t\t<span class=\"elementor-toggle-icon-opened\"><i class=\"elementor-toggle-icon-opened fas fa-caret-up\"><\/i><\/span>\n\t\t\t\t\t\t\t\t\t\t\t\t\t<\/span>\n\t\t\t\t\t\t\t\t\t\t\t\t<a class=\"elementor-toggle-title\" tabindex=\"0\">Zusatzinformationen<\/a>\n\t\t\t\t\t<\/div>\n\n\t\t\t\t\t<div id=\"elementor-tab-content-1546\" class=\"elementor-tab-content elementor-clearfix\" data-tab=\"6\" role=\"region\" aria-labelledby=\"elementor-tab-title-1546\"><ul><li style=\"font-weight: 400;\" aria-level=\"1\"><span style=\"font-weight: 400;\">Zu Ihrer Sicherheit sind die Gemeinschaftsbereiche (der Flur vor dem Wohnungseingang) video\u00fcberwacht. Ihre Privatsph\u00e4re innerhalb der Ferienwohnung bleibt selbstverst\u00e4ndlich unangetastet.<\/span><\/li><li style=\"font-weight: 400;\" aria-level=\"1\"><span style=\"font-weight: 400;\">Unsere Ferienwohnungen befinden sich im Herzen der historischen Altstadt von Riva, einer verkehrsberuhigten Zone (ZTL). Daher verf\u00fcgen wir \u00fcber keinen privaten Parkplatz direkt am Haus. Es gibt jedoch zahlreiche \u00f6ffentliche Parkm\u00f6glichkeiten in der N\u00e4he (Tiefgaragen und kostenfreie Parkpl\u00e4tze). Gerne stellen wir Ihnen bei der Buchung eine Liste mit unseren Empfehlungen zur Verf\u00fcgung.<\/span><\/li><li style=\"font-weight: 400;\" aria-level=\"1\"><span style=\"font-weight: 400;\">Unseren G\u00e4sten steht ein privater, abschlie\u00dfbarer Raum zur Verf\u00fcgung. Hier k\u00f6nnen Sie Fahrr\u00e4der sicher abstellen, E-Bikes aufladen oder auch Gep\u00e4ck und Sportausr\u00fcstung lagern. F\u00fcr den Zugangscode sprechen Sie uns bitte einfach an.<\/span><\/li><li aria-level=\"1\"><span style=\"font-weight: 400;\">Bitte beachten Sie: Das von Ihnen gesendete Formular ist eine unverbindliche Anfrage und noch keine feste Buchung. F\u00fcr eine Anfrage ist keine Zahlung erforderlich. Erst nach Erhalt unserer schriftlichen Buchungsbest\u00e4tigung per E-Mail wird die Zahlung innerhalb von 3 Tagen f\u00e4llig.<\/span><\/li><\/ul><\/div>\n\t\t\t\t<\/div>\n\t\t\t\t\t\t\t\t<\/div>\n\t\t\t\t\t\t<\/div>\n\t\t\t\t<\/div>\n\t\t\t\t<div class=\"elementor-element elementor-element-5fc50df elementor-widget elementor-widget-spacer\" data-id=\"5fc50df\" data-element_type=\"widget\" data-widget_type=\"spacer.default\">\n\t\t\t\t<div class=\"elementor-widget-container\">\n\t\t\t\t\t\t\t<div class=\"elementor-spacer\">\n\t\t\t<div class=\"elementor-spacer-inner\"><\/div>\n\t\t<\/div>\n\t\t\t\t\t\t<\/div>\n\t\t\t\t<\/div>\n\t\t\t\t\t<\/div>\n\t\t<\/div>\n\t\t\t\t\t<\/div>\n\t\t<\/section>\n\t\t\t\t<section class=\"elementor-section elementor-top-section elementor-element elementor-element-9e7d589 elementor-section-boxed elementor-section-height-default elementor-section-height-default\" data-id=\"9e7d589\" data-element_type=\"section\">\n\t\t\t\t\t\t<div class=\"elementor-container elementor-column-gap-default\">\n\t\t\t\t\t<div class=\"elementor-column elementor-col-50 elementor-top-column elementor-element elementor-element-6fbaf69\" data-id=\"6fbaf69\" data-element_type=\"column\">\n\t\t\t<div class=\"elementor-widget-wrap elementor-element-populated\">\n\t\t\t\t\t\t<div class=\"elementor-element elementor-element-f17cd88 elementor-view-default elementor-position-top elementor-widget elementor-widget-themo-header\" data-id=\"f17cd88\" data-element_type=\"widget\" data-widget_type=\"themo-header.default\">\n\t\t\t\t<div class=\"elementor-widget-container\">\n\t\t\t\t\t\t\t<div class=\"th-header-wrap\">\n        <div class=\"elementor-icon-box-wrapper\">\n                            <div class=\"elementor-icon-box-content\">\n                    <h1 class=\"elementor-icon-box-title\">\n                        Haben Sie noch Fragen? Wir helfen Ihnen gerne weiter!                    <\/h1>\n                                        <p class=\"elementor-icon-box-description\"><\/p>\n\n                                    <\/div>\n            <\/div>\n\n        <\/div>\n\n\t\t\t\t\t\t<\/div>\n\t\t\t\t<\/div>\n\t\t\t\t\t<\/div>\n\t\t<\/div>\n\t\t\t\t<div class=\"elementor-column elementor-col-50 elementor-top-column elementor-element elementor-element-45ef027\" data-id=\"45ef027\" data-element_type=\"column\">\n\t\t\t<div class=\"elementor-widget-wrap elementor-element-populated\">\n\t\t\t\t\t\t<div class=\"elementor-element elementor-element-9dc0b80 elementor-button-success elementor-align-left elementor-widget__width-initial elementor-widget elementor-widget-button\" data-id=\"9dc0b80\" data-element_type=\"widget\" data-widget_type=\"button.default\">\n\t\t\t\t<div class=\"elementor-widget-container\">\n\t\t\t\t\t\t\t\t\t<div class=\"elementor-button-wrapper\">\n\t\t\t\t\t<a class=\"elementor-button elementor-button-link elementor-size-sm\" href=\"https:\/\/apartriva.com\/de\/pages\/contact-us\/\">\n\t\t\t\t\t\t<span class=\"elementor-button-content-wrapper\">\n\t\t\t\t\t\t\t\t\t<span class=\"elementor-button-text\">Anfrage senden<\/span>\n\t\t\t\t\t<\/span>\n\t\t\t\t\t<\/a>\n\t\t\t\t<\/div>\n\t\t\t\t\t\t\t\t<\/div>\n\t\t\t\t<\/div>\n\t\t\t\t\t<\/div>\n\t\t<\/div>\n\t\t\t\t\t<\/div>\n\t\t<\/section>\n\t\t\t\t<\/div>","protected":false},"excerpt":{"rendered":"<p>These terms and conditions outline the rules for booking and staying at our apartments. Cancellation and Prepayment Policy Guests can cancel their booking free of charge up to 30 days before to check-in.\u00a0 For cancellations made between 29 and 15 &hellip; <a href=\"https:\/\/apartriva.com\/de\/booking-confirmation-2\/terms-conditions\/\">Read More<\/a><\/p>","protected":false},"author":1,"featured_media":0,"parent":61,"menu_order":1,"comment_status":"closed","ping_status":"closed","template":"","meta":{"footnotes":""},"class_list":["post-60","page","type-page","status-publish","hentry"],"_links":{"self":[{"href":"https:\/\/apartriva.com\/de\/wp-json\/wp\/v2\/pages\/60","targetHints":{"allow":["GET"]}}],"collection":[{"href":"https:\/\/apartriva.com\/de\/wp-json\/wp\/v2\/pages"}],"about":[{"href":"https:\/\/apartriva.com\/de\/wp-json\/wp\/v2\/types\/page"}],"author":[{"embeddable":true,"href":"https:\/\/apartriva.com\/de\/wp-json\/wp\/v2\/users\/1"}],"replies":[{"embeddable":true,"href":"https:\/\/apartriva.com\/de\/wp-json\/wp\/v2\/comments?post=60"}],"version-history":[{"count":61,"href":"https:\/\/apartriva.com\/de\/wp-json\/wp\/v2\/pages\/60\/revisions"}],"predecessor-version":[{"id":1392,"href":"https:\/\/apartriva.com\/de\/wp-json\/wp\/v2\/pages\/60\/revisions\/1392"}],"up":[{"embeddable":true,"href":"https:\/\/apartriva.com\/de\/wp-json\/wp\/v2\/pages\/61"}],"wp:attachment":[{"href":"https:\/\/apartriva.com\/de\/wp-json\/wp\/v2\/media?parent=60"}],"curies":[{"name":"wp","href":"https:\/\/api.w.org\/{rel}","templated":true}]}}